{"id":4200,"date":"2020-12-22T21:23:05","date_gmt":"2020-12-22T20:23:05","guid":{"rendered":"http:\/\/colornoturismo.it\/environment-and-nature\/"},"modified":"2020-12-22T21:23:05","modified_gmt":"2020-12-22T20:23:05","slug":"environment-and-nature","status":"publish","type":"page","link":"https:\/\/colornoturismo.it\/en\/environment-and-nature\/","title":{"rendered":"ENVIRONMENT AND NATURE"},"content":{"rendered":"<p style=\"text-align: justify;\"><span style=\"font-family: verdana, geneva, sans-serif; font-size: 10pt;\">Chi cerca <img loading=\"lazy\" decoding=\"async\" class=\"size-full wp-image-3519 alignleft\" src=\"https:\/\/colornoturismo.it\/wp-content\/uploads\/2020\/07\/Gfoto7.jpg\" alt=\"\" width=\"248\" height=\"183\" \/>il \u201dpittoresco\u201d se ne vada a Capri o a Cortina.<\/span><br \/>\n<span style=\"font-family: verdana, geneva, sans-serif; font-size: 10pt;\"> La Bassa \u00e8 l\u2019antipittoresco e proprio per questo \u00e8 pura e incontaminata perch\u00e9 il pennello degli imbrattatele mai l\u2019ha diffamata, mai le cartoline in tricromia hanno potuto oltraggiarne con le loro rappresentazioni \u201cartistiche\u201d la casta e austera belt\u00e0.<\/span><br \/>\n<span style=\"font-family: verdana, geneva, sans-serif; font-size: 10pt;\"> La Bassa \u00e8 l\u2019antipittoresco e la sua solida bellezza non \u00e8 rappresentabile perch\u00e9 non offre possibilit\u00e0 di \u201ctagli\u201d, di \u201cinquadrature\u201d.\u00a0<\/span><span style=\"font-family: verdana, geneva, sans-serif; font-size: 10pt;\">Volerne dare un\u2019idea con una rappresentazione pittorica o fotografica sarebbe come se si pretendesse di dare un\u2019idea della immensit\u00e0 e della poesia del mare, mostrando una bigoncia piena d\u2019acqua marina.\u00a0<\/span><span style=\"font-family: verdana, geneva, sans-serif; font-size: 10pt;\">La verit\u00e0 della Bassa non va cercata sulla terra, bisogna cercarla nell\u2019aria.<\/span><br \/>\n<span style=\"font-family: verdana, geneva, sans-serif; font-size: 10pt;\"> Pur se percorrete in automobile una delle strade della Bassa lunga pochi chilometri, essa vi par lunga.\u00a0<\/span><span style=\"font-family: verdana, geneva, sans-serif; font-size: 10pt;\">Perch\u00e9 spiritualmente voi la percorrete a piedi o sul calesse.\u00a0<\/span><span style=\"font-family: verdana, geneva, sans-serif; font-size: 10pt;\">La Bassa non \u00e8 fatta per le gite turistiche in torpedone.\u00a0<\/span><span style=\"font-family: verdana, geneva, sans-serif; font-size: 10pt;\">\u00c8 fatta per chi non ha paura di restar solo coi suoi pensieri.<\/span><\/p>\n<p style=\"text-align: justify;\"><span style=\"font-size: 8pt;\"><em><span style=\"font-family: verdana, geneva, sans-serif;\">(Giovannino Guareschi, Spunti e idee 1953\/1955)\u00a0<a href=\"http:\/\/www.giovanninoguareschi.com\/La%20Bassa.pdf\">http:\/\/www.giovanninoguareschi.com<\/a><\/span><\/em><\/span><\/p>\n","protected":false},"excerpt":{"rendered":"<p>Chi cerca il \u201dpittoresco\u201d se ne vada a Capri o a Cortina. La Bassa \u00e8 l\u2019antipittoresco e proprio per questo \u00e8 pura e incontaminata perch\u00e9 il pennello degli imbrattatele mai l\u2019ha diffamata, mai le cartoline in tricromia hanno potuto oltraggiarne con le loro rappresentazioni \u201cartistiche\u201d la casta e austera belt\u00e0. La Bassa \u00e8 l\u2019antipittoresco e [&hellip;]<\/p>\n","protected":false},"author":4,"featured_media":0,"parent":0,"menu_order":0,"comment_status":"closed","ping_status":"closed","template":"templates\/itinerari.php","meta":{"_uag_custom_page_level_css":"","footnotes":""},"class_list":["post-4200","page","type-page","status-publish","hentry"],"uagb_featured_image_src":{"full":false,"thumbnail":false,"medium":false,"medium_large":false,"large":false,"1536x1536":false,"2048x2048":false},"uagb_author_info":{"display_name":"InfinitoDesign","author_link":"https:\/\/colornoturismo.it\/en\/author\/infinitodesign\/"},"uagb_comment_info":0,"uagb_excerpt":"Chi cerca il \u201dpittoresco\u201d se ne vada a Capri o a Cortina. La Bassa \u00e8 l\u2019antipittoresco e proprio per questo \u00e8 pura e incontaminata perch\u00e9 il pennello degli imbrattatele mai l\u2019ha diffamata, mai le cartoline in tricromia hanno potuto oltraggiarne con le loro rappresentazioni \u201cartistiche\u201d la casta e austera belt\u00e0. La Bassa \u00e8 l\u2019antipittoresco e&hellip;","_links":{"self":[{"href":"https:\/\/colornoturismo.it\/en\/wp-json\/wp\/v2\/pages\/4200","targetHints":{"allow":["GET"]}}],"collection":[{"href":"https:\/\/colornoturismo.it\/en\/wp-json\/wp\/v2\/pages"}],"about":[{"href":"https:\/\/colornoturismo.it\/en\/wp-json\/wp\/v2\/types\/page"}],"author":[{"embeddable":true,"href":"https:\/\/colornoturismo.it\/en\/wp-json\/wp\/v2\/users\/4"}],"replies":[{"embeddable":true,"href":"https:\/\/colornoturismo.it\/en\/wp-json\/wp\/v2\/comments?post=4200"}],"version-history":[{"count":0,"href":"https:\/\/colornoturismo.it\/en\/wp-json\/wp\/v2\/pages\/4200\/revisions"}],"wp:attachment":[{"href":"https:\/\/colornoturismo.it\/en\/wp-json\/wp\/v2\/media?parent=4200"}],"curies":[{"name":"wp","href":"https:\/\/api.w.org\/{rel}","templated":true}]}}