{"id":3150,"date":"2020-08-06T16:49:21","date_gmt":"2020-08-06T14:49:21","guid":{"rendered":"http:\/\/colornoturismo.it\/?page_id=3150\/"},"modified":"2022-01-29T14:49:40","modified_gmt":"2022-01-29T13:49:40","slug":"chiese-pievi-oratori-colorno","status":"publish","type":"page","link":"https:\/\/colornoturismo.it\/en\/chiese-pievi-oratori-colorno\/","title":{"rendered":"Chiese, pievi, oratori &#8211; Colorno"},"content":{"rendered":"\n<div style=\"height:47px\" aria-hidden=\"true\" class=\"wp-block-spacer\"><\/div>\n\n\n\n<h2 class=\"has-text-align-left wp-block-heading\"><strong><strong>Duomo di Santa Margherita<\/strong><\/strong><\/h2>\n\n\n\n<div class=\"wp-block-media-text alignwide .wp-block-media-text { direction: ltr; display: -ms-grid; grid; -ms-grid-columns: 50% 1fr; grid-template-columns: none; -ms-grid-rows: auto; grid-template-rows: }\"><figure class=\"wp-block-media-text__media\"><img loading=\"lazy\" decoding=\"async\" width=\"225\" height=\"300\" src=\"https:\/\/colornoturismo.it\/wp-content\/uploads\/2020\/07\/santa-Margherita-chiesa-225x300.jpg\" alt=\"\" class=\"wp-image-2937 size-medium\" srcset=\"https:\/\/colornoturismo.it\/wp-content\/uploads\/2020\/07\/santa-Margherita-chiesa-225x300.jpg 225w, https:\/\/colornoturismo.it\/wp-content\/uploads\/2020\/07\/santa-Margherita-chiesa.jpg 336w\" sizes=\"auto, (max-width: 225px) 100vw, 225px\" \/><\/figure><div class=\"wp-block-media-text__content\">\n<p>La chiesa venne costruita fra la fine del XV e l\u2019inizio del XVI secolo al limite del borgo, il nucleo pi\u00f9 antico del paese, sotto le mura.&nbsp;Voluta in stile tardo gotico, con linee che ricordano in proporzione di 1\/16 la chiesa parmense di S. Francesco del Prato, essa fu consacrata il 21 maggio 1525 ma alcune fonti affermano che fosse gi\u00e0 adibita al culto da anni<\/p>\n\n\n\n<p><a href=\"https:\/\/colornoturismo.it\/?p=3134\">Leggi di pi\u00f9<\/a><\/p>\n<\/div><\/div>\n\n\n\n<div style=\"height:100px\" aria-hidden=\"true\" class=\"wp-block-spacer\"><\/div>\n\n\n\n<h2 class=\"has-text-align-left wp-block-heading\"><strong>&nbsp;<strong>Cappella Ducale di San Liborio<\/strong><\/strong><\/h2>\n\n\n\n<div class=\"wp-block-media-text alignwide\" style=\"grid-template-columns:48% auto\"><figure class=\"wp-block-media-text__media\"><img loading=\"lazy\" decoding=\"async\" width=\"225\" height=\"300\" src=\"https:\/\/colornoturismo.it\/wp-content\/uploads\/2020\/08\/800px-Cappella_ducale_di_San_Liborio_Colorno_-_facciata_2_2019-06-20-225x300.jpg\" alt=\"\" class=\"wp-image-3740 size-medium\" srcset=\"https:\/\/colornoturismo.it\/wp-content\/uploads\/2020\/08\/800px-Cappella_ducale_di_San_Liborio_Colorno_-_facciata_2_2019-06-20-225x300.jpg 225w, https:\/\/colornoturismo.it\/wp-content\/uploads\/2020\/08\/800px-Cappella_ducale_di_San_Liborio_Colorno_-_facciata_2_2019-06-20-768x1024.jpg 768w, https:\/\/colornoturismo.it\/wp-content\/uploads\/2020\/08\/800px-Cappella_ducale_di_San_Liborio_Colorno_-_facciata_2_2019-06-20.jpg 800w\" sizes=\"auto, (max-width: 225px) 100vw, 225px\" \/><\/figure><div class=\"wp-block-media-text__content\">\n<p>Nell&#8217;area occupata dalla chiesa attuale, nel 1722 il duca di Parma Francesco Farnese fece costruire un piccolo oratorio dedicato a san Liborio, che nel 1775 fu demolito per volere del duca Ferdinando di Borbone, allo scopo di sostituirlo con un nuovo luogo di culto di dimensioni molto pi\u00f9 ampie, degne dell&#8217;adiacente reggia monumentale. E&#8217; la seconda cappella di corte pi\u00f9 grande d&#8217;Europa.<\/p>\n\n\n\n<p><a href=\"\/?p=3558\">Leggi di pi\u00f9<\/a><\/p>\n<\/div><\/div>\n\n\n\n<div style=\"height:100px\" aria-hidden=\"true\" class=\"wp-block-spacer\"><\/div>\n\n\n\n<h2 class=\"has-text-align-left wp-block-heading\"><strong>Chiesa di Santo Stefano<\/strong><\/h2>\n\n\n\n<div class=\"wp-block-media-text alignwide\"><figure class=\"wp-block-media-text__media\"><img loading=\"lazy\" decoding=\"async\" width=\"300\" height=\"225\" src=\"https:\/\/colornoturismo.it\/wp-content\/uploads\/2020\/08\/Chiesa-di-Santo-Stefano-300x225.jpg\" alt=\"\" class=\"wp-image-3139 size-medium\" srcset=\"https:\/\/colornoturismo.it\/wp-content\/uploads\/2020\/08\/Chiesa-di-Santo-Stefano-300x225.jpg 300w, https:\/\/colornoturismo.it\/wp-content\/uploads\/2020\/08\/Chiesa-di-Santo-Stefano.jpg 600w\" sizes=\"auto, (max-width: 300px) 100vw, 300px\" \/><\/figure><div class=\"wp-block-media-text__content\">\n<p>La Chiesa di Santo Stefano sorge nel centro del paese e fu la prima sede parrocchiale di Colorno. L&#8217;edificio fu gestito, unitamente all&#8217;annesso convento, dai frati&nbsp;domenicani fino alla soppressione degli ordini decretata dal primo ministro&nbsp;ducale&nbsp;Guillaume du Tillot&nbsp;nel 1769.<\/p>\n\n\n\n<p>&nbsp;Leggi di pi\u00f9<\/p>\n<\/div><\/div>\n\n\n\n<div style=\"height:100px\" aria-hidden=\"true\" class=\"wp-block-spacer\"><\/div>\n\n\n\n<h2 class=\"has-text-align-left wp-block-heading\"><strong>Oratorio della Madonna della Neve<\/strong><\/h2>\n\n\n\n<div class=\"wp-block-media-text alignwide\"><figure class=\"wp-block-media-text__media\"><img loading=\"lazy\" decoding=\"async\" width=\"174\" height=\"290\" src=\"https:\/\/colornoturismo.it\/wp-content\/uploads\/2020\/12\/download.jpg\" alt=\"\" class=\"wp-image-4482 size-full\"\/><\/figure><div class=\"wp-block-media-text__content\">\n<p>Eretto sulle mura di un precedente oratorio del 1566, l&#8217;Oratorio nato col nome di Madonnina del Ponte o del Lorno (perch\u00e8 situato &#8220;ad incontrum pontis Lurnii&#8221;), \u00e8 detto comunemente della Beata Vergine della Neve perch\u00e8 ivi vi fu fondata la Pia Unione della Beata Vergine della Neve il 3 luglio 1780. Nel 1804 fu sostanzialmente rifatto e nel 1894 fu dotato di campane e dagli anni sessanta ha assunto l&#8217;attuale aspetto.<\/p>\n<\/div><\/div>\n\n\n\n<div style=\"height:100px\" aria-hidden=\"true\" class=\"wp-block-spacer\"><\/div>\n\n\n\n<h2 class=\"has-text-align-left wp-block-heading\"><strong>Oratorio della SS Annunziata, Loc. Vedole<\/strong><\/h2>\n\n\n\n<div class=\"wp-block-media-text alignwide\"><figure class=\"wp-block-media-text__media\"><img loading=\"lazy\" decoding=\"async\" width=\"300\" height=\"225\" src=\"https:\/\/colornoturismo.it\/wp-content\/uploads\/2017\/05\/chiesa-Facebook-IAT-colorno--300x225.jpg\" alt=\"\" class=\"wp-image-2222 size-medium\" srcset=\"https:\/\/colornoturismo.it\/wp-content\/uploads\/2017\/05\/chiesa-Facebook-IAT-colorno--300x225.jpg 300w, https:\/\/colornoturismo.it\/wp-content\/uploads\/2017\/05\/chiesa-Facebook-IAT-colorno--768x576.jpg 768w, https:\/\/colornoturismo.it\/wp-content\/uploads\/2017\/05\/chiesa-Facebook-IAT-colorno--1024x768.jpg 1024w, https:\/\/colornoturismo.it\/wp-content\/uploads\/2017\/05\/chiesa-Facebook-IAT-colorno-.jpg 2048w\" sizes=\"auto, (max-width: 300px) 100vw, 300px\" \/><\/figure><div class=\"wp-block-media-text__content\">\n<p>La costruzione, riedificata nel 1720, da Dorotea Sofia di Neoburg, moglie del duca Francesco Farnese, presenta una pianta ottagonale con due torri ed una cupola a doppia volta e un caratteristico tetto di piastrelle di maiolica gialle, blu e bianche.<\/p>\n\n\n\n<p><a href=\"https:\/\/colornoturismo.it\/oratorio-della-santissima-annunziata-colorno\/\">Leggi di pi\u00f9<\/a><\/p>\n<\/div><\/div>\n\n\n\n<div style=\"height:100px\" aria-hidden=\"true\" class=\"wp-block-spacer\"><\/div>\n\n\n\n<h2 class=\"has-text-align-left wp-block-heading\"><strong>Oratorio della Vergine del Buon Cuore<\/strong><\/h2>\n\n\n\n<div class=\"wp-block-media-text alignwide\"><figure class=\"wp-block-media-text__media\"><img loading=\"lazy\" decoding=\"async\" width=\"192\" height=\"300\" src=\"https:\/\/colornoturismo.it\/wp-content\/uploads\/2020\/08\/foto_principale_034010_8_800x1253-192x300.jpg\" alt=\"\" class=\"wp-image-3498 size-medium\" srcset=\"https:\/\/colornoturismo.it\/wp-content\/uploads\/2020\/08\/foto_principale_034010_8_800x1253-192x300.jpg 192w, https:\/\/colornoturismo.it\/wp-content\/uploads\/2020\/08\/foto_principale_034010_8_800x1253-768x1203.jpg 768w, https:\/\/colornoturismo.it\/wp-content\/uploads\/2020\/08\/foto_principale_034010_8_800x1253-654x1024.jpg 654w, https:\/\/colornoturismo.it\/wp-content\/uploads\/2020\/08\/foto_principale_034010_8_800x1253.jpg 800w\" sizes=\"auto, (max-width: 192px) 100vw, 192px\" \/><\/figure><div class=\"wp-block-media-text__content\">\n<p>Fu costruito per volont\u00e0 di Ferdinando di Borbone negli anni 1771\/72 sul fondo di uno stradone che si dirigeva a Copermio a partire dalla linea di divisione tra il giardino e il Serraglio. Il complesso \u00e8 costituito dall\u2019Oratorio intitolato a S. Maria del Buon Cuore e dal \u201cReal Casino\u201d che doveva servire da Palazzo di Riserva per gli ospiti.<\/p>\n\n\n\n<p><a href=\"https:\/\/colornoturismo.it\/oratorio-della-vergine-del-buon-cuore-copermio\/\">Leggi di pi\u00f9<\/a><\/p>\n<\/div><\/div>\n\n\n\n<div style=\"height:100px\" aria-hidden=\"true\" class=\"wp-block-spacer\"><\/div>\n\n\n\n<h2 class=\"has-text-align-left wp-block-heading\"><strong>Chiesa di San Pietro, Copermio<\/strong><\/h2>\n\n\n\n<div class=\"wp-block-media-text alignwide is-stacked-on-mobile\"><figure class=\"wp-block-media-text__media\"><img loading=\"lazy\" decoding=\"async\" width=\"300\" height=\"268\" src=\"https:\/\/colornoturismo.it\/wp-content\/uploads\/2020\/08\/copermioweb-300x268.jpg\" alt=\"\" class=\"wp-image-3501 size-medium\" srcset=\"https:\/\/colornoturismo.it\/wp-content\/uploads\/2020\/08\/copermioweb-300x268.jpg 300w, https:\/\/colornoturismo.it\/wp-content\/uploads\/2020\/08\/copermioweb-768x687.jpg 768w, https:\/\/colornoturismo.it\/wp-content\/uploads\/2020\/08\/copermioweb.jpg 799w\" sizes=\"auto, (max-width: 300px) 100vw, 300px\" \/><\/figure><div class=\"wp-block-media-text__content\">\n<p>La chiesa venne ricostruita sulle fondamenta di una precedente cappella risalente al cinquecento, apportando alcune sostanziali modifiche nel 1685.<\/p>\n\n\n\n<p>Leggi di pi\u00f9<\/p>\n\n\n\n<p>Via Copermio a Sera &#8211;<br>Loc. Copermio, Colorno (PR)<br>Informazioni: Parrocchia di Colorno +39 0521.81558<\/p>\n<\/div><\/div>\n\n\n\n<div style=\"height:100px\" aria-hidden=\"true\" class=\"wp-block-spacer\"><\/div>\n\n\n\n<h2 class=\"has-text-align-left wp-block-heading\"><strong>Chiesa di San Salvatore, Sanguigna<\/strong><\/h2>\n\n\n\n<div class=\"wp-block-media-text alignwide is-stacked-on-mobile\"><figure class=\"wp-block-media-text__media\"><img loading=\"lazy\" decoding=\"async\" width=\"183\" height=\"276\" src=\"https:\/\/colornoturismo.it\/wp-content\/uploads\/2020\/12\/download-1.jpg\" alt=\"\" class=\"wp-image-4495 size-full\"\/><\/figure><div class=\"wp-block-media-text__content\">\n<p>La chiesa intitolata a S. Salvatore \u00e8 una struttura a croce latina con abside esagonale, rimaneggiata nel Rinascimento. Sulle pareti interne \u00e8 possibile ammirare un ciclo di affreschi di Jacopo Loschi, chiamato dai monaci per eseguire affreschi anche a Parma e a Torrechiara (1490). Entrando, a sinistra, si trovano l\u2019Annunciazione, la nascita di Ges\u00f9 e una Madonna allattante, oltre a S. Lucia martire che regge il piatto con gli occhi e Dio Padre benedicente sul timpano. <br><\/p>\n\n\n\n<p>Corte di Sanguigna, 136, Colorno (PR)<br>Telefono +39 0521.814135; visite su prenotazione<\/p>\n<\/div><\/div>\n\n\n\n<div style=\"height:100px\" aria-hidden=\"true\" class=\"wp-block-spacer\"><\/div>\n\n\n\n<h2 class=\"has-text-align-left wp-block-heading\"><strong>Chiesa dell\u2019Annunciazione di Maria Vergine, Mezzano Rondani<\/strong><\/h2>\n\n\n\n<div class=\"wp-block-media-text alignwide\"><figure class=\"wp-block-media-text__media\"><img decoding=\"async\" src=\"https:\/\/colornoturismo.it\/wp-content\/uploads\/2020\/12\/Chiesa_Mezzano_Rondani-1024x768.jpg\" alt=\"\" class=\"wp-image-4502 size-full\"\/><\/figure><div class=\"wp-block-media-text__content\">\n<p>La chiesa fu edificata due volte. La prima chiesa, costruita quando il paese era ancora sulla sponda casalasca, fu distrutta da un\u2019inondazione del&nbsp;1733.<\/p>\n\n\n\n<p><a href=\"https:\/\/colornoturismo.it\/chiesa-dellannunciazione-di-maria-vergine-mezzano-rondani\/\">Leggi di pi\u00f9&#8230;<\/a><\/p>\n\n\n\n<p><\/p>\n\n\n<\/div><\/div>\n\n\n\n<div style=\"height:37px\" aria-hidden=\"true\" class=\"wp-block-spacer\"><\/div>\n\n\n\n<h2 class=\"has-text-align-left wp-block-heading\"><strong>Chiesa di San Giorgio, Sacca<\/strong><\/h2>\n\n\n\n<div class=\"wp-block-media-text alignwide is-vertically-aligned-top\"><figure class=\"wp-block-media-text__media\"><img loading=\"lazy\" decoding=\"async\" width=\"150\" height=\"150\" src=\"https:\/\/colornoturismo.it\/wp-content\/uploads\/2020\/12\/download-150x150.jpg\" alt=\"\" class=\"wp-image-4482 size-thumbnail\"\/><\/figure><div class=\"wp-block-media-text__content\">\n<p>Si parla della prima chiesa di Sacca in un atto dell&#8217;11 settembre 1140 e nel 1230, nella pergamena della Decime, come dipendente dal monastero di San Giovanni.&nbsp;<\/p>\n\n\n\n<p><a href=\"https:\/\/colornoturismo.it\/chiesa-di-san-giorgio-sacca\/\">Leggi di pi\u00f9&#8230;<\/a><\/p>\n<\/div><\/div>\n\n\n\n<p><\/p>\n\n\n","protected":false},"excerpt":{"rendered":"<p>Chiese, Pievi, Oratori &#8211; Colorno<\/p>\n","protected":false},"author":4,"featured_media":3828,"parent":0,"menu_order":0,"comment_status":"closed","ping_status":"closed","template":"templates\/itinerari.php","meta":{"_uag_custom_page_level_css":"","footnotes":""},"class_list":["post-3150","page","type-page","status-publish","has-post-thumbnail","hentry"],"uagb_featured_image_src":{"full":["https:\/\/colornoturismo.it\/wp-content\/uploads\/2020\/08\/chiesa-sorbolo.jpg",500,500,false],"thumbnail":["https:\/\/colornoturismo.it\/wp-content\/uploads\/2020\/08\/chiesa-sorbolo-150x150.jpg",150,150,true],"medium":["https:\/\/colornoturismo.it\/wp-content\/uploads\/2020\/08\/chiesa-sorbolo-300x300.jpg",300,300,true],"medium_large":["https:\/\/colornoturismo.it\/wp-content\/uploads\/2020\/08\/chiesa-sorbolo.jpg",500,500,false],"large":["https:\/\/colornoturismo.it\/wp-content\/uploads\/2020\/08\/chiesa-sorbolo.jpg",500,500,false],"1536x1536":["https:\/\/colornoturismo.it\/wp-content\/uploads\/2020\/08\/chiesa-sorbolo.jpg",500,500,false],"2048x2048":["https:\/\/colornoturismo.it\/wp-content\/uploads\/2020\/08\/chiesa-sorbolo.jpg",500,500,false]},"uagb_author_info":{"display_name":"InfinitoDesign","author_link":"https:\/\/colornoturismo.it\/en\/author\/infinitodesign\/"},"uagb_comment_info":0,"uagb_excerpt":"Chiese, Pievi, Oratori - Colorno","_links":{"self":[{"href":"https:\/\/colornoturismo.it\/en\/wp-json\/wp\/v2\/pages\/3150","targetHints":{"allow":["GET"]}}],"collection":[{"href":"https:\/\/colornoturismo.it\/en\/wp-json\/wp\/v2\/pages"}],"about":[{"href":"https:\/\/colornoturismo.it\/en\/wp-json\/wp\/v2\/types\/page"}],"author":[{"embeddable":true,"href":"https:\/\/colornoturismo.it\/en\/wp-json\/wp\/v2\/users\/4"}],"replies":[{"embeddable":true,"href":"https:\/\/colornoturismo.it\/en\/wp-json\/wp\/v2\/comments?post=3150"}],"version-history":[{"count":86,"href":"https:\/\/colornoturismo.it\/en\/wp-json\/wp\/v2\/pages\/3150\/revisions"}],"predecessor-version":[{"id":5901,"href":"https:\/\/colornoturismo.it\/en\/wp-json\/wp\/v2\/pages\/3150\/revisions\/5901"}],"wp:featuredmedia":[{"embeddable":true,"href":"https:\/\/colornoturismo.it\/en\/wp-json\/wp\/v2\/media\/3828"}],"wp:attachment":[{"href":"https:\/\/colornoturismo.it\/en\/wp-json\/wp\/v2\/media?parent=3150"}],"curies":[{"name":"wp","href":"https:\/\/api.w.org\/{rel}","templated":true}]}}