{"id":3081,"date":"2020-08-05T23:04:18","date_gmt":"2020-08-05T21:04:18","guid":{"rendered":"http:\/\/colornoturismo.it\/?page_id=3081\/"},"modified":"2021-01-12T11:08:14","modified_gmt":"2021-01-12T10:08:14","slug":"itinerari-turistici","status":"publish","type":"page","link":"https:\/\/colornoturismo.it\/en\/itinerari-turistici\/","title":{"rendered":"Itinerari turistici"},"content":{"rendered":"<h4 style=\"text-align: justify;\"><span style=\"font-size: 10pt;\"><strong><em><span style=\"font-family: verdana, geneva, sans-serif;\">&#8220;Bisogna vedere quel che non si \u00e8 visto, vedere di nuovo quel che si \u00e8 gi\u00e0 visto, vedere in primavera quel che si era visto in estate, vedere di giorno quel che si \u00e8 visto di notte, con il sole dove la prima volta pioveva, vedere le messi verdi, il frutto maturo, la pietra che ha cambiato posto, l\u2019ombra che non c\u2019era. Bisogna ritornare sui passi gi\u00e0 dati, per ripeterli, e per tracciarvi a fianco nuovi cammini. Bisogna ricominciare il viaggio. Sempre.&#8221;<\/span><\/em><\/strong><\/span><\/h4>\n<p><span style=\"font-size: 10pt;\"><em><span style=\"font-family: verdana, geneva, sans-serif;\">Jos\u00e8 Saramago, Viaggio in Portogallo<br \/>\n<\/span><\/em><\/span><\/p>\n","protected":false},"excerpt":{"rendered":"<p>Itinerari turistici<\/p>\n","protected":false},"author":4,"featured_media":1660,"parent":0,"menu_order":0,"comment_status":"closed","ping_status":"closed","template":"templates\/itinerari.php","meta":{"_uag_custom_page_level_css":"","footnotes":""},"class_list":["post-3081","page","type-page","status-publish","has-post-thumbnail","hentry"],"uagb_featured_image_src":{"full":["https:\/\/colornoturismo.it\/wp-content\/uploads\/2017\/05\/escursioni-sul-Po.jpg",1760,1326,false],"thumbnail":["https:\/\/colornoturismo.it\/wp-content\/uploads\/2017\/05\/escursioni-sul-Po-150x150.jpg",150,150,true],"medium":["https:\/\/colornoturismo.it\/wp-content\/uploads\/2017\/05\/escursioni-sul-Po-300x226.jpg",300,226,true],"medium_large":["https:\/\/colornoturismo.it\/wp-content\/uploads\/2017\/05\/escursioni-sul-Po-768x579.jpg",768,579,true],"large":["https:\/\/colornoturismo.it\/wp-content\/uploads\/2017\/05\/escursioni-sul-Po-1024x771.jpg",980,738,true],"1536x1536":["https:\/\/colornoturismo.it\/wp-content\/uploads\/2017\/05\/escursioni-sul-Po.jpg",1536,1157,false],"2048x2048":["https:\/\/colornoturismo.it\/wp-content\/uploads\/2017\/05\/escursioni-sul-Po.jpg",1760,1326,false]},"uagb_author_info":{"display_name":"InfinitoDesign","author_link":"https:\/\/colornoturismo.it\/en\/author\/infinitodesign\/"},"uagb_comment_info":0,"uagb_excerpt":"Itinerari turistici","_links":{"self":[{"href":"https:\/\/colornoturismo.it\/en\/wp-json\/wp\/v2\/pages\/3081","targetHints":{"allow":["GET"]}}],"collection":[{"href":"https:\/\/colornoturismo.it\/en\/wp-json\/wp\/v2\/pages"}],"about":[{"href":"https:\/\/colornoturismo.it\/en\/wp-json\/wp\/v2\/types\/page"}],"author":[{"embeddable":true,"href":"https:\/\/colornoturismo.it\/en\/wp-json\/wp\/v2\/users\/4"}],"replies":[{"embeddable":true,"href":"https:\/\/colornoturismo.it\/en\/wp-json\/wp\/v2\/comments?post=3081"}],"version-history":[{"count":8,"href":"https:\/\/colornoturismo.it\/en\/wp-json\/wp\/v2\/pages\/3081\/revisions"}],"predecessor-version":[{"id":5087,"href":"https:\/\/colornoturismo.it\/en\/wp-json\/wp\/v2\/pages\/3081\/revisions\/5087"}],"wp:featuredmedia":[{"embeddable":true,"href":"https:\/\/colornoturismo.it\/en\/wp-json\/wp\/v2\/media\/1660"}],"wp:attachment":[{"href":"https:\/\/colornoturismo.it\/en\/wp-json\/wp\/v2\/media?parent=3081"}],"curies":[{"name":"wp","href":"https:\/\/api.w.org\/{rel}","templated":true}]}}