{"id":3070,"date":"2020-08-05T22:47:26","date_gmt":"2020-08-05T20:47:26","guid":{"rendered":"http:\/\/colornoturismo.it\/?page_id=3070\/"},"modified":"2022-09-09T12:47:53","modified_gmt":"2022-09-09T10:47:53","slug":"cicloturismo","status":"publish","type":"page","link":"https:\/\/colornoturismo.it\/en\/cicloturismo\/","title":{"rendered":"Cicloturismo"},"content":{"rendered":"<p align=\"justify\"><span style=\"color: #000000;\"><span style=\"font-family: Noto Serif, serif;\"><span style=\"font-size: xx-large;\">\u00a0<\/span><\/span><\/span><\/p>\n<p style=\"text-align: justify;\" align=\"justify\">\u201c<span style=\"font-family: Times New Roman, serif;\"><span style=\"font-size: medium;\"><i>La bicicletta gli Emiliani la usano come il cappello, che non si pu\u00f2 abbandonare, poich\u00e9 fa parte della persona anche quando \u00e8 inopportuno. La bicicletta ha su di noi qualche cosa del cane, continua compagnia che si porta con s\u00e9 magari senza montarla, per arrivare dalla casa al caff\u00e8 che dista venti metri.\u201d<\/i><\/span><\/span><\/p>\n<p style=\"text-align: justify;\" align=\"justify\"><span style=\"font-family: Times New Roman, serif;\"><span style=\"font-size: medium;\">Cesare Zavattini 1961 esplorazioni sulla via Emilia<\/span><\/span><\/p>\n<p align=\"justify\">\u00a0<\/p>\n<p align=\"justify\">\u00a0<\/p>\n<p><img loading=\"lazy\" decoding=\"async\" class=\" wp-image-5099 aligncenter\" src=\"https:\/\/colornoturismo.it\/wp-content\/uploads\/2021\/04\/bici-po.jpg\" alt=\"\" width=\"477\" height=\"358\" \/><\/p>\n<h3 style=\"text-align: justify;\">\u00a0<\/h3>\n\n","protected":false},"excerpt":{"rendered":"<p>\u00a0 \u201cLa bicicletta gli Emiliani la usano come il cappello, che non si pu\u00f2 abbandonare, poich\u00e9 fa parte della persona anche quando \u00e8 inopportuno. La bicicletta ha su di noi qualche cosa del cane, continua compagnia che si porta con s\u00e9 magari senza montarla, per arrivare dalla casa al caff\u00e8 che dista venti metri.\u201d Cesare [&hellip;]<\/p>\n","protected":false},"author":4,"featured_media":1730,"parent":0,"menu_order":0,"comment_status":"closed","ping_status":"closed","template":"templates\/itinerari.php","meta":{"_uag_custom_page_level_css":"","footnotes":""},"class_list":["post-3070","page","type-page","status-publish","has-post-thumbnail","hentry"],"uagb_featured_image_src":{"full":["https:\/\/colornoturismo.it\/wp-content\/uploads\/2017\/05\/biciclettata-po.jpg",800,600,false],"thumbnail":["https:\/\/colornoturismo.it\/wp-content\/uploads\/2017\/05\/biciclettata-po-150x150.jpg",150,150,true],"medium":["https:\/\/colornoturismo.it\/wp-content\/uploads\/2017\/05\/biciclettata-po-300x225.jpg",300,225,true],"medium_large":["https:\/\/colornoturismo.it\/wp-content\/uploads\/2017\/05\/biciclettata-po-768x576.jpg",768,576,true],"large":["https:\/\/colornoturismo.it\/wp-content\/uploads\/2017\/05\/biciclettata-po.jpg",800,600,false],"1536x1536":["https:\/\/colornoturismo.it\/wp-content\/uploads\/2017\/05\/biciclettata-po.jpg",800,600,false],"2048x2048":["https:\/\/colornoturismo.it\/wp-content\/uploads\/2017\/05\/biciclettata-po.jpg",800,600,false]},"uagb_author_info":{"display_name":"InfinitoDesign","author_link":"https:\/\/colornoturismo.it\/en\/author\/infinitodesign\/"},"uagb_comment_info":0,"uagb_excerpt":"\u00a0 \u201cLa bicicletta gli Emiliani la usano come il cappello, che non si pu\u00f2 abbandonare, poich\u00e9 fa parte della persona anche quando \u00e8 inopportuno. La bicicletta ha su di noi qualche cosa del cane, continua compagnia che si porta con s\u00e9 magari senza montarla, per arrivare dalla casa al caff\u00e8 che dista venti metri.\u201d Cesare&hellip;","_links":{"self":[{"href":"https:\/\/colornoturismo.it\/en\/wp-json\/wp\/v2\/pages\/3070","targetHints":{"allow":["GET"]}}],"collection":[{"href":"https:\/\/colornoturismo.it\/en\/wp-json\/wp\/v2\/pages"}],"about":[{"href":"https:\/\/colornoturismo.it\/en\/wp-json\/wp\/v2\/types\/page"}],"author":[{"embeddable":true,"href":"https:\/\/colornoturismo.it\/en\/wp-json\/wp\/v2\/users\/4"}],"replies":[{"embeddable":true,"href":"https:\/\/colornoturismo.it\/en\/wp-json\/wp\/v2\/comments?post=3070"}],"version-history":[{"count":22,"href":"https:\/\/colornoturismo.it\/en\/wp-json\/wp\/v2\/pages\/3070\/revisions"}],"predecessor-version":[{"id":6337,"href":"https:\/\/colornoturismo.it\/en\/wp-json\/wp\/v2\/pages\/3070\/revisions\/6337"}],"wp:featuredmedia":[{"embeddable":true,"href":"https:\/\/colornoturismo.it\/en\/wp-json\/wp\/v2\/media\/1730"}],"wp:attachment":[{"href":"https:\/\/colornoturismo.it\/en\/wp-json\/wp\/v2\/media?parent=3070"}],"curies":[{"name":"wp","href":"https:\/\/api.w.org\/{rel}","templated":true}]}}