{"id":1113,"date":"2016-12-22T18:22:18","date_gmt":"2016-12-22T17:22:18","guid":{"rendered":"http:\/\/colornoturismo.it\/?page_id=1113"},"modified":"2017-06-12T16:43:54","modified_gmt":"2017-06-12T14:43:54","slug":"privacy-newsletter","status":"publish","type":"page","link":"https:\/\/colornoturismo.it\/en\/privacy-newsletter\/","title":{"rendered":"Privacy Newsletter"},"content":{"rendered":"<p>INFORMATIVA per il trattamento dei dati personali per i servizi NEWSLETTER del Sito ufficiale di informazione turistica del Comune di Colorno<\/p>\n<ol>\n<li>Premessa Ai sensi dell\u2019art. 13 del D.Lgs. n. 196\/2003 &#8211; \u201cCodice in materia di protezione dei dati personali\u201d (di seguito denominato \u201cCodice\u201d), il Sito ufficiale di informazione turistica del Comune di Colorno, in qualit\u00e0 di \u201cTitolare\u201d del trattamento, \u00e8 tenuta a fornirle informazioni in merito all&#8217;utilizzo dei suoi dati personali. Il trattamento dei suoi dati per lo svolgimento di funzioni istituzionali da parte del Sito ufficiale di informazione turistica del Comune di Colorno, in quanto soggetto pubblico non economico, non necessita del suo consenso.<\/li>\n<li>Fonte dei dati personali La raccolta dei suoi dati personali viene effettuata registrando i dati da lei stesso forniti, in qualit\u00e0 di interessato, al momento della iscrizione alla Newsletter del Sito ufficiale di informazione turistica del Comune di Colorno tramite apposito modulo on-line<\/li>\n<li>Finalit\u00e0 del trattamento I dati personali sono trattati per le seguenti finalit\u00e0:\n<ol>\n<li>invio della Newsletter del Sito ufficiale di informazione turistica del Comune di Colorno<\/li>\n<li>invio informazioni relative ad iniziative del Sito ufficiale di informazione turistica del Comune di Colorno<\/li>\n<li>realizzare indagini dirette a verificare il grado di soddisfazione degli utenti sui servizi offerti o richiesti. <br \/>\n Per garantire l&#8217;efficienza del servizio, la informiamo inoltre che i dati potrebbero essere utilizzati per effettuare prove tecniche e di verifica.<\/li>\n<\/ol>\n<\/li>\n<li>Modalit\u00e0 di trattamento dei dati In relazione alle finalit\u00e0 descritte, il trattamento dei dati personali avviene mediante strumenti manuali, informatici e telematici con logiche strettamente correlate alle finalit\u00e0 sopra evidenziate e, comunque, in modo da garantire la sicurezza e la riservatezza dei dati stessi. Adempiute le finalit\u00e0 prefissate, i dati verranno cancellati o trasformati in forma anonima.<\/li>\n<li>Facoltativit\u00e0 del conferimento dei dati Il conferimento dei dati \u00e8 facoltativo, ma in mancanza non sar\u00e0 possibile inviarle la Newsletter del Sito ufficiale di informazione turistica del Comune di Colorno, o informazioni relative ad iniziative del Sito ufficiale di informazione turistica del Comune di Colorno o realizzare indagini dirette a verificare il grado di soddisfazione degli utenti sui servizi offerti, volte a migliorare la qualit\u00e0 dei servizi.<\/li>\n<li>Diritti dell&#8217;Interessato La informiamo, infine, che la normativa in materia di protezione dei dati personali conferisce agli Interessati la possibilit\u00e0 di esercitare specifici diritti, in base a quanto indicato all\u2019art. 7 del \u201cCodice\u201d che qui si riporta:\n<ol>\n<li>\u00a0L\u2019interessato ha diritto di ottenere la conferma dell\u2019esistenza o meno di dati personali che lo riguardano, anche se non ancora registrati, e la loro comunicazione in forma intelligibile.<\/li>\n<li>\u00a0L\u2019interessato ha diritto di ottenere l\u2019indicazione:\n<ol style=\"list-style-type: lower-alpha;\">\n<li>dell\u2019origine dei dati personali;<\/li>\n<li>delle finalit\u00e0 e modalit\u00e0 del trattamento;<\/li>\n<li>della logica applicata in caso di trattamento effettuato con l\u2019ausilio di strumenti elettronici;<\/li>\n<li>degli estremi identificativi del titolare, dei responsabili e del rappresentante designato ai sensi dell\u2019art. 5, comma 2;<\/li>\n<li>dei soggetti o delle categorie di soggetti ai quali i dati personali possono essere comunicati o che possono venirne a conoscenza in qualit\u00e0 di rappresentante designato nel territorio dello Stato, di responsabili o incaricati.<\/li>\n<\/ol>\n<\/li>\n<li>\u00a0L\u2019interessato ha diritto di ottenere:\n<ol style=\"list-style-type: lower-alpha;\">\n<li>l\u2019aggiornamento, la rettificazione ovvero, quando vi ha interesse, l\u2019integrazione dei dati;<\/li>\n<li>la cancellazione, la trasformazione in forma anonima o il blocco dei dati trattati in violazione di legge, compresi quelli di cui non \u00e8 necessaria la conservazione in relazione agli scopi per i quali i dati sono stati raccolti o successivamente trattati;<\/li>\n<li>l\u2019attestazione che le operazioni di cui alle lettere a) e b) sono state portate a conoscenza, anche per quanto riguarda il loro contenuto, di coloro ai quali i dati sono stati comunicati o diffusi, eccettuato il caso in cui tale adempimento si rivela impossibile o comporta un impiego di mezzi manifestamente sproporzionato rispetto al diritto tutelato.<\/li>\n<\/ol>\n<\/li>\n<li>\u00a0L\u2019interessato ha diritto di opporsi, in tutto o in parte:\n<ol style=\"list-style-type: lower-alpha;\">\n<li>per motivi legittimi al trattamento dei dati personali che lo riguardano, ancorch\u00e9 pertinenti allo scopo della raccolta;<\/li>\n<li>al trattamento di dati personali che lo riguardano a fini di invio di materiale pubblicitario o di vendita diretta o per il compimento di ricerche di mercato o di comunicazione commerciale.<\/li>\n<\/ol>\n<\/li>\n<\/ol>\n<\/li>\n<\/ol>\n","protected":false},"excerpt":{"rendered":"<p>INFORMATIVA per il trattamento dei dati personali per i servizi NEWSLETTER del Sito ufficiale di informazione turistica del Comune di Colorno Premessa Ai sensi dell\u2019art. 13 del D.Lgs. n. 196\/2003 &#8211; \u201cCodice in materia di protezione dei dati personali\u201d (di seguito denominato \u201cCodice\u201d), il Sito ufficiale di informazione turistica del Comune di Colorno, in qualit\u00e0 [&hellip;]<\/p>\n","protected":false},"author":4,"featured_media":0,"parent":0,"menu_order":0,"comment_status":"closed","ping_status":"closed","template":"","meta":{"_uag_custom_page_level_css":"","footnotes":""},"class_list":["post-1113","page","type-page","status-publish","hentry"],"uagb_featured_image_src":{"full":false,"thumbnail":false,"medium":false,"medium_large":false,"large":false,"1536x1536":false,"2048x2048":false},"uagb_author_info":{"display_name":"InfinitoDesign","author_link":"https:\/\/colornoturismo.it\/en\/author\/infinitodesign\/"},"uagb_comment_info":0,"uagb_excerpt":"INFORMATIVA per il trattamento dei dati personali per i servizi NEWSLETTER del Sito ufficiale di informazione turistica del Comune di Colorno Premessa Ai sensi dell\u2019art. 13 del D.Lgs. n. 196\/2003 &#8211; \u201cCodice in materia di protezione dei dati personali\u201d (di seguito denominato \u201cCodice\u201d), il Sito ufficiale di informazione turistica del Comune di Colorno, in qualit\u00e0&hellip;","_links":{"self":[{"href":"https:\/\/colornoturismo.it\/en\/wp-json\/wp\/v2\/pages\/1113","targetHints":{"allow":["GET"]}}],"collection":[{"href":"https:\/\/colornoturismo.it\/en\/wp-json\/wp\/v2\/pages"}],"about":[{"href":"https:\/\/colornoturismo.it\/en\/wp-json\/wp\/v2\/types\/page"}],"author":[{"embeddable":true,"href":"https:\/\/colornoturismo.it\/en\/wp-json\/wp\/v2\/users\/4"}],"replies":[{"embeddable":true,"href":"https:\/\/colornoturismo.it\/en\/wp-json\/wp\/v2\/comments?post=1113"}],"version-history":[{"count":8,"href":"https:\/\/colornoturismo.it\/en\/wp-json\/wp\/v2\/pages\/1113\/revisions"}],"predecessor-version":[{"id":2083,"href":"https:\/\/colornoturismo.it\/en\/wp-json\/wp\/v2\/pages\/1113\/revisions\/2083"}],"wp:attachment":[{"href":"https:\/\/colornoturismo.it\/en\/wp-json\/wp\/v2\/media?parent=1113"}],"curies":[{"name":"wp","href":"https:\/\/api.w.org\/{rel}","templated":true}]}}